{"id":277,"date":"2024-06-11T19:31:12","date_gmt":"2024-06-11T19:31:12","guid":{"rendered":"https:\/\/www.kuljetusmhulkkonen.fi\/?page_id=277"},"modified":"2025-02-05T06:28:47","modified_gmt":"2025-02-05T06:28:47","slug":"kalusto","status":"publish","type":"page","link":"https:\/\/www.kuljetusmhulkkonen.fi\/?page_id=277","title":{"rendered":"Kalusto"},"content":{"rendered":"\t\t<div data-elementor-type=\"wp-page\" data-elementor-id=\"277\" class=\"elementor elementor-277\">\n\t\t\t\t<div class=\"elementor-element elementor-element-8f2d25b e-flex e-con-boxed e-con e-parent\" data-id=\"8f2d25b\" data-element_type=\"container\" data-e-type=\"container\">\n\t\t\t\t\t<div class=\"e-con-inner\">\n\t\t\t\t<div class=\"elementor-element elementor-element-03d13aa elementor-widget elementor-widget-spacer\" data-id=\"03d13aa\" data-element_type=\"widget\" data-e-type=\"widget\" data-widget_type=\"spacer.default\">\n\t\t\t\t<div class=\"elementor-widget-container\">\n\t\t\t\t\t\t\t<div class=\"elementor-spacer\">\n\t\t\t<div class=\"elementor-spacer-inner\"><\/div>\n\t\t<\/div>\n\t\t\t\t\t\t<\/div>\n\t\t\t\t<\/div>\n\t\t\t\t\t<\/div>\n\t\t\t\t<\/div>\n\t\t<div class=\"elementor-element elementor-element-26094c3 elementor-hidden-desktop e-flex e-con-boxed e-con e-parent\" data-id=\"26094c3\" data-element_type=\"container\" data-e-type=\"container\" data-settings=\"{&quot;background_background&quot;:&quot;classic&quot;}\">\n\t\t\t\t\t<div class=\"e-con-inner\">\n\t\t\t\t<div class=\"elementor-element elementor-element-f5844c6 elementor-widget elementor-widget-heading\" data-id=\"f5844c6\" data-element_type=\"widget\" data-e-type=\"widget\" data-widget_type=\"heading.default\">\n\t\t\t\t<div class=\"elementor-widget-container\">\n\t\t\t\t\t<h2 class=\"elementor-heading-title elementor-size-default\">Kalusto<\/h2>\t\t\t\t<\/div>\n\t\t\t\t<\/div>\n\t\t\t\t\t<\/div>\n\t\t\t\t<\/div>\n\t\t<div class=\"elementor-element elementor-element-13f5321 elementor-hidden-mobile elementor-hidden-tablet e-flex e-con-boxed e-con e-parent\" data-id=\"13f5321\" data-element_type=\"container\" data-e-type=\"container\" data-settings=\"{&quot;background_background&quot;:&quot;classic&quot;}\">\n\t\t\t\t\t<div class=\"e-con-inner\">\n\t\t\t\t<div class=\"elementor-element elementor-element-646b648 elementor-widget elementor-widget-heading\" data-id=\"646b648\" data-element_type=\"widget\" data-e-type=\"widget\" data-widget_type=\"heading.default\">\n\t\t\t\t<div class=\"elementor-widget-container\">\n\t\t\t\t\t<h1 class=\"elementor-heading-title elementor-size-default\">Kalusto<\/h1>\t\t\t\t<\/div>\n\t\t\t\t<\/div>\n\t\t\t\t\t<\/div>\n\t\t\t\t<\/div>\n\t\t<div class=\"elementor-element elementor-element-14d4c49 e-flex e-con-boxed e-con e-parent\" data-id=\"14d4c49\" data-element_type=\"container\" data-e-type=\"container\" data-settings=\"{&quot;background_background&quot;:&quot;classic&quot;}\">\n\t\t\t\t\t<div class=\"e-con-inner\">\n\t\t\t\t<div class=\"elementor-element elementor-element-927a7f3 elementor-widget elementor-widget-spacer\" data-id=\"927a7f3\" data-element_type=\"widget\" data-e-type=\"widget\" data-widget_type=\"spacer.default\">\n\t\t\t\t<div class=\"elementor-widget-container\">\n\t\t\t\t\t\t\t<div class=\"elementor-spacer\">\n\t\t\t<div class=\"elementor-spacer-inner\"><\/div>\n\t\t<\/div>\n\t\t\t\t\t\t<\/div>\n\t\t\t\t<\/div>\n\t\t\t\t\t<\/div>\n\t\t\t\t<\/div>\n\t\t<div class=\"elementor-element elementor-element-2e21c45 e-flex e-con-boxed e-con e-parent\" data-id=\"2e21c45\" data-element_type=\"container\" data-e-type=\"container\" data-settings=\"{&quot;background_background&quot;:&quot;classic&quot;}\">\n\t\t\t\t\t<div class=\"e-con-inner\">\n\t\t\t\t<div class=\"elementor-element elementor-element-5655a0f elementor-hidden-desktop elementor-hidden-tablet elementor-widget elementor-widget-heading\" data-id=\"5655a0f\" data-element_type=\"widget\" data-e-type=\"widget\" data-widget_type=\"heading.default\">\n\t\t\t\t<div class=\"elementor-widget-container\">\n\t\t\t\t\t<h4 class=\"elementor-heading-title elementor-size-default\">Nosturiyhdistelm\u00e4t<\/h4>\t\t\t\t<\/div>\n\t\t\t\t<\/div>\n\t\t\t\t<div class=\"elementor-element elementor-element-67863bf elementor-hidden-mobile elementor-widget elementor-widget-heading\" data-id=\"67863bf\" data-element_type=\"widget\" data-e-type=\"widget\" data-widget_type=\"heading.default\">\n\t\t\t\t<div class=\"elementor-widget-container\">\n\t\t\t\t\t<h3 class=\"elementor-heading-title elementor-size-default\">Nosturiyhdistelm\u00e4t<\/h3>\t\t\t\t<\/div>\n\t\t\t\t<\/div>\n\t\t\t\t<div class=\"elementor-element elementor-element-19218a3 elementor-widget elementor-widget-text-editor\" data-id=\"19218a3\" data-element_type=\"widget\" data-e-type=\"widget\" data-widget_type=\"text-editor.default\">\n\t\t\t\t<div class=\"elementor-widget-container\">\n\t\t\t\t\t\t\t\t\t<p>Nosturiyhdistelmill\u00e4 ajetaan tiili\u00e4, apulantaa &#8230; Nosturi yhdistelmill\u00e4 pystymme lastaamaa ja\/purkamaan kuormat itse.<\/p>\t\t\t\t\t\t\t\t<\/div>\n\t\t\t\t<\/div>\n\t\t\t\t\t<\/div>\n\t\t\t\t<\/div>\n\t\t<div class=\"elementor-element elementor-element-cf42f18 e-flex e-con-boxed e-con e-parent\" data-id=\"cf42f18\" data-element_type=\"container\" data-e-type=\"container\" data-settings=\"{&quot;background_background&quot;:&quot;classic&quot;}\">\n\t\t\t\t\t<div class=\"e-con-inner\">\n\t\t<div class=\"elementor-element elementor-element-3442226 e-con-full e-flex e-con e-child\" data-id=\"3442226\" data-element_type=\"container\" data-e-type=\"container\">\n\t\t\t\t<div class=\"elementor-element elementor-element-70ccc0c elementor-widget elementor-widget-image\" data-id=\"70ccc0c\" data-element_type=\"widget\" data-e-type=\"widget\" data-widget_type=\"image.default\">\n\t\t\t\t<div class=\"elementor-widget-container\">\n\t\t\t\t\t\t\t\t\t\t\t\t\t\t\t<img data-opt-id=1935822309  fetchpriority=\"high\" decoding=\"async\" width=\"800\" height=\"450\" src=\"https:\/\/mlr6b2h1mrem.i.optimole.com\/w:800\/h:450\/q:mauto\/ig:avif\/https:\/\/www.kuljetusmhulkkonen.fi\/wp-content\/uploads\/2024\/07\/ZOV-nettisivut.jpg\" class=\"attachment-large size-large wp-image-739\" alt=\"\" srcset=\"https:\/\/mlr6b2h1mrem.i.optimole.com\/w:1000\/h:563\/q:mauto\/ig:avif\/https:\/\/www.kuljetusmhulkkonen.fi\/wp-content\/uploads\/2024\/07\/ZOV-nettisivut.jpg 1000w, https:\/\/mlr6b2h1mrem.i.optimole.com\/w:300\/h:169\/q:mauto\/ig:avif\/https:\/\/www.kuljetusmhulkkonen.fi\/wp-content\/uploads\/2024\/07\/ZOV-nettisivut.jpg 300w, https:\/\/mlr6b2h1mrem.i.optimole.com\/w:768\/h:432\/q:mauto\/ig:avif\/https:\/\/www.kuljetusmhulkkonen.fi\/wp-content\/uploads\/2024\/07\/ZOV-nettisivut.jpg 768w\" sizes=\"(max-width: 800px) 100vw, 800px\" \/>\t\t\t\t\t\t\t\t\t\t\t\t\t\t\t<\/div>\n\t\t\t\t<\/div>\n\t\t\t\t<\/div>\n\t\t<div class=\"elementor-element elementor-element-474ba97 e-con-full e-flex e-con e-child\" data-id=\"474ba97\" data-element_type=\"container\" data-e-type=\"container\">\n\t\t\t\t<div class=\"elementor-element elementor-element-7cf65e6 elementor-widget elementor-widget-image\" data-id=\"7cf65e6\" data-element_type=\"widget\" data-e-type=\"widget\" data-widget_type=\"image.default\">\n\t\t\t\t<div class=\"elementor-widget-container\">\n\t\t\t\t\t\t\t\t\t\t\t\t\t\t\t<img data-opt-id=1558224773  fetchpriority=\"high\" decoding=\"async\" width=\"800\" height=\"450\" src=\"https:\/\/mlr6b2h1mrem.i.optimole.com\/w:800\/h:450\/q:mauto\/ig:avif\/https:\/\/www.kuljetusmhulkkonen.fi\/wp-content\/uploads\/2024\/07\/Auto-nettisivut.jpg\" class=\"attachment-large size-large wp-image-738\" alt=\"\" srcset=\"https:\/\/mlr6b2h1mrem.i.optimole.com\/w:1000\/h:563\/q:mauto\/ig:avif\/https:\/\/www.kuljetusmhulkkonen.fi\/wp-content\/uploads\/2024\/07\/Auto-nettisivut.jpg 1000w, https:\/\/mlr6b2h1mrem.i.optimole.com\/w:300\/h:169\/q:mauto\/ig:avif\/https:\/\/www.kuljetusmhulkkonen.fi\/wp-content\/uploads\/2024\/07\/Auto-nettisivut.jpg 300w, https:\/\/mlr6b2h1mrem.i.optimole.com\/w:768\/h:432\/q:mauto\/ig:avif\/https:\/\/www.kuljetusmhulkkonen.fi\/wp-content\/uploads\/2024\/07\/Auto-nettisivut.jpg 768w\" sizes=\"(max-width: 800px) 100vw, 800px\" \/>\t\t\t\t\t\t\t\t\t\t\t\t\t\t\t<\/div>\n\t\t\t\t<\/div>\n\t\t\t\t<\/div>\n\t\t<div class=\"elementor-element elementor-element-0b8f5ef e-con-full e-flex e-con e-child\" data-id=\"0b8f5ef\" data-element_type=\"container\" data-e-type=\"container\">\n\t\t\t\t<\/div>\n\t\t<div class=\"elementor-element elementor-element-c638eb1 e-con-full e-flex e-con e-child\" data-id=\"c638eb1\" data-element_type=\"container\" data-e-type=\"container\">\n\t\t\t\t<\/div>\n\t\t\t\t<div class=\"elementor-element elementor-element-bb464c0 elementor-widget-divider--view-line elementor-widget elementor-widget-divider\" data-id=\"bb464c0\" data-element_type=\"widget\" data-e-type=\"widget\" data-widget_type=\"divider.default\">\n\t\t\t\t<div class=\"elementor-widget-container\">\n\t\t\t\t\t\t\t<div class=\"elementor-divider\">\n\t\t\t<span class=\"elementor-divider-separator\">\n\t\t\t\t\t\t<\/span>\n\t\t<\/div>\n\t\t\t\t\t\t<\/div>\n\t\t\t\t<\/div>\n\t\t\t\t\t<\/div>\n\t\t\t\t<\/div>\n\t\t<div class=\"elementor-element elementor-element-26656c4 e-flex e-con-boxed e-con e-parent\" data-id=\"26656c4\" data-element_type=\"container\" data-e-type=\"container\">\n\t\t\t\t\t<div class=\"e-con-inner\">\n\t\t\t\t<div class=\"elementor-element elementor-element-0703795 elementor-widget elementor-widget-spacer\" data-id=\"0703795\" data-element_type=\"widget\" data-e-type=\"widget\" data-widget_type=\"spacer.default\">\n\t\t\t\t<div class=\"elementor-widget-container\">\n\t\t\t\t\t\t\t<div class=\"elementor-spacer\">\n\t\t\t<div class=\"elementor-spacer-inner\"><\/div>\n\t\t<\/div>\n\t\t\t\t\t\t<\/div>\n\t\t\t\t<\/div>\n\t\t\t\t\t<\/div>\n\t\t\t\t<\/div>\n\t\t<div class=\"elementor-element elementor-element-a85e6c4 e-flex e-con-boxed e-con e-parent\" data-id=\"a85e6c4\" data-element_type=\"container\" data-e-type=\"container\">\n\t\t\t\t\t<div class=\"e-con-inner\">\n\t\t<div class=\"elementor-element elementor-element-9a731f4 e-con-full e-flex e-con e-child\" data-id=\"9a731f4\" data-element_type=\"container\" data-e-type=\"container\">\n\t\t\t\t<div class=\"elementor-element elementor-element-58f3f8a elementor-hidden-desktop elementor-hidden-tablet elementor-widget elementor-widget-heading\" data-id=\"58f3f8a\" data-element_type=\"widget\" data-e-type=\"widget\" data-widget_type=\"heading.default\">\n\t\t\t\t<div class=\"elementor-widget-container\">\n\t\t\t\t\t<h4 class=\"elementor-heading-title elementor-size-default\">Koukkulaiteyhdistelm\u00e4<\/h4>\t\t\t\t<\/div>\n\t\t\t\t<\/div>\n\t\t\t\t<div class=\"elementor-element elementor-element-e3b094d elementor-hidden-mobile elementor-widget elementor-widget-heading\" data-id=\"e3b094d\" data-element_type=\"widget\" data-e-type=\"widget\" data-widget_type=\"heading.default\">\n\t\t\t\t<div class=\"elementor-widget-container\">\n\t\t\t\t\t<h3 class=\"elementor-heading-title elementor-size-default\">Koukkulaiteyhdistelm\u00e4<\/h3>\t\t\t\t<\/div>\n\t\t\t\t<\/div>\n\t\t\t\t<div class=\"elementor-element elementor-element-0eee199 elementor-widget elementor-widget-text-editor\" data-id=\"0eee199\" data-element_type=\"widget\" data-e-type=\"widget\" data-widget_type=\"text-editor.default\">\n\t\t\t\t<div class=\"elementor-widget-container\">\n\t\t\t\t\t\t\t\t\t<p>Koukkulaiteyhdistelm\u00e4ll\u00e4 voi ajaa lokasoraa, mets\u00e4haketta, &#8230;<\/p><p>\u00a0<\/p><p>Yhdistelm\u00e4lll\u00e4 voidaan ajaa my\u00f6s tarvittaessa rahtia vaihtamalla lavan.<\/p>\t\t\t\t\t\t\t\t<\/div>\n\t\t\t\t<\/div>\n\t\t\t\t<\/div>\n\t\t\t\t\t<\/div>\n\t\t\t\t<\/div>\n\t\t<div class=\"elementor-element elementor-element-0fc73cb e-flex e-con-boxed e-con e-parent\" data-id=\"0fc73cb\" data-element_type=\"container\" data-e-type=\"container\">\n\t\t\t\t\t<div class=\"e-con-inner\">\n\t\t<div class=\"elementor-element elementor-element-456346e e-con-full e-flex e-con e-child\" data-id=\"456346e\" data-element_type=\"container\" data-e-type=\"container\">\n\t\t\t\t<div class=\"elementor-element elementor-element-d4af793 elementor-widget elementor-widget-image\" data-id=\"d4af793\" data-element_type=\"widget\" data-e-type=\"widget\" data-widget_type=\"image.default\">\n\t\t\t\t<div class=\"elementor-widget-container\">\n\t\t\t\t\t\t\t\t\t\t\t\t\t\t\t<img data-opt-id=482229544  data-opt-src=\"https:\/\/mlr6b2h1mrem.i.optimole.com\/w:800\/h:450\/q:mauto\/ig:avif\/https:\/\/www.kuljetusmhulkkonen.fi\/wp-content\/uploads\/2024\/07\/LPK-nettisivut.jpg\"  decoding=\"async\" width=\"800\" height=\"450\" src=\"data:image/svg+xml,%3Csvg%20viewBox%3D%220%200%20800%20450%22%20width%3D%22800%22%20height%3D%22450%22%20xmlns%3D%22http%3A%2F%2Fwww.w3.org%2F2000%2Fsvg%22%3E%3Crect%20width%3D%22800%22%20height%3D%22450%22%20fill%3D%22transparent%22%2F%3E%3C%2Fsvg%3E\" class=\"attachment-large size-large wp-image-750\" alt=\"\" old-srcset=\"https:\/\/mlr6b2h1mrem.i.optimole.com\/w:1000\/h:563\/q:mauto\/ig:avif\/https:\/\/www.kuljetusmhulkkonen.fi\/wp-content\/uploads\/2024\/07\/LPK-nettisivut.jpg 1000w, https:\/\/mlr6b2h1mrem.i.optimole.com\/w:300\/h:169\/q:mauto\/ig:avif\/https:\/\/www.kuljetusmhulkkonen.fi\/wp-content\/uploads\/2024\/07\/LPK-nettisivut.jpg 300w, https:\/\/mlr6b2h1mrem.i.optimole.com\/w:768\/h:432\/q:mauto\/ig:avif\/https:\/\/www.kuljetusmhulkkonen.fi\/wp-content\/uploads\/2024\/07\/LPK-nettisivut.jpg 768w\" \/>\t\t\t\t\t\t\t\t\t\t\t\t\t\t\t<\/div>\n\t\t\t\t<\/div>\n\t\t\t\t<\/div>\n\t\t<div class=\"elementor-element elementor-element-6fe487f e-con-full e-flex e-con e-child\" data-id=\"6fe487f\" data-element_type=\"container\" data-e-type=\"container\">\n\t\t\t\t<div class=\"elementor-element elementor-element-d879fac elementor-widget elementor-widget-image\" data-id=\"d879fac\" data-element_type=\"widget\" data-e-type=\"widget\" data-widget_type=\"image.default\">\n\t\t\t\t<div class=\"elementor-widget-container\">\n\t\t\t\t\t\t\t\t\t\t\t\t\t\t\t<img data-opt-id=1214273104  data-opt-src=\"https:\/\/mlr6b2h1mrem.i.optimole.com\/w:800\/h:450\/q:mauto\/ig:avif\/https:\/\/www.kuljetusmhulkkonen.fi\/wp-content\/uploads\/2024\/07\/LPK2-nettisivut.jpg\"  loading=\"lazy\" decoding=\"async\" width=\"800\" height=\"450\" src=\"data:image/svg+xml,%3Csvg%20viewBox%3D%220%200%20800%20450%22%20width%3D%22800%22%20height%3D%22450%22%20xmlns%3D%22http%3A%2F%2Fwww.w3.org%2F2000%2Fsvg%22%3E%3Crect%20width%3D%22800%22%20height%3D%22450%22%20fill%3D%22transparent%22%2F%3E%3C%2Fsvg%3E\" class=\"attachment-large size-large wp-image-945\" alt=\"\" old-srcset=\"https:\/\/mlr6b2h1mrem.i.optimole.com\/w:1000\/h:563\/q:mauto\/ig:avif\/https:\/\/www.kuljetusmhulkkonen.fi\/wp-content\/uploads\/2024\/07\/LPK2-nettisivut.jpg 1000w, https:\/\/mlr6b2h1mrem.i.optimole.com\/w:300\/h:169\/q:mauto\/ig:avif\/https:\/\/www.kuljetusmhulkkonen.fi\/wp-content\/uploads\/2024\/07\/LPK2-nettisivut.jpg 300w, https:\/\/mlr6b2h1mrem.i.optimole.com\/w:768\/h:432\/q:mauto\/ig:avif\/https:\/\/www.kuljetusmhulkkonen.fi\/wp-content\/uploads\/2024\/07\/LPK2-nettisivut.jpg 768w\" \/>\t\t\t\t\t\t\t\t\t\t\t\t\t\t\t<\/div>\n\t\t\t\t<\/div>\n\t\t\t\t<\/div>\n\t\t<div class=\"elementor-element elementor-element-8b8bc07 e-con-full e-flex e-con e-child\" data-id=\"8b8bc07\" data-element_type=\"container\" data-e-type=\"container\">\n\t\t\t\t<\/div>\n\t\t<div class=\"elementor-element elementor-element-d3a94d0 e-con-full e-flex e-con e-child\" data-id=\"d3a94d0\" data-element_type=\"container\" data-e-type=\"container\">\n\t\t\t\t<\/div>\n\t\t\t\t<div class=\"elementor-element elementor-element-a2a0655 elementor-widget-divider--view-line elementor-widget elementor-widget-divider\" data-id=\"a2a0655\" data-element_type=\"widget\" data-e-type=\"widget\" data-widget_type=\"divider.default\">\n\t\t\t\t<div class=\"elementor-widget-container\">\n\t\t\t\t\t\t\t<div class=\"elementor-divider\">\n\t\t\t<span class=\"elementor-divider-separator\">\n\t\t\t\t\t\t<\/span>\n\t\t<\/div>\n\t\t\t\t\t\t<\/div>\n\t\t\t\t<\/div>\n\t\t\t\t\t<\/div>\n\t\t\t\t<\/div>\n\t\t<div class=\"elementor-element elementor-element-dcacf5f e-flex e-con-boxed e-con e-parent\" data-id=\"dcacf5f\" data-element_type=\"container\" data-e-type=\"container\">\n\t\t\t\t\t<div class=\"e-con-inner\">\n\t\t\t\t<div class=\"elementor-element elementor-element-211e49c elementor-widget elementor-widget-spacer\" data-id=\"211e49c\" data-element_type=\"widget\" data-e-type=\"widget\" data-widget_type=\"spacer.default\">\n\t\t\t\t<div class=\"elementor-widget-container\">\n\t\t\t\t\t\t\t<div class=\"elementor-spacer\">\n\t\t\t<div class=\"elementor-spacer-inner\"><\/div>\n\t\t<\/div>\n\t\t\t\t\t\t<\/div>\n\t\t\t\t<\/div>\n\t\t\t\t\t<\/div>\n\t\t\t\t<\/div>\n\t\t<div class=\"elementor-element elementor-element-421e76e elementor-hidden-desktop elementor-hidden-tablet elementor-hidden-mobile e-flex e-con-boxed e-con e-parent\" data-id=\"421e76e\" data-element_type=\"container\" data-e-type=\"container\">\n\t\t\t\t\t<div class=\"e-con-inner\">\n\t\t<div class=\"elementor-element elementor-element-5d7ba7f e-con-full e-flex e-con e-child\" data-id=\"5d7ba7f\" data-element_type=\"container\" data-e-type=\"container\">\n\t\t\t\t<div class=\"elementor-element elementor-element-9d4fb10 elementor-widget elementor-widget-heading\" data-id=\"9d4fb10\" data-element_type=\"widget\" data-e-type=\"widget\" data-widget_type=\"heading.default\">\n\t\t\t\t<div class=\"elementor-widget-container\">\n\t\t\t\t\t<h3 class=\"elementor-heading-title elementor-size-default\">Nousukapelli ja kaappi yhdistelm\u00e4t<\/h3>\t\t\t\t<\/div>\n\t\t\t\t<\/div>\n\t\t\t\t<div class=\"elementor-element elementor-element-8f657e9 elementor-widget elementor-widget-text-editor\" data-id=\"8f657e9\" data-element_type=\"widget\" data-e-type=\"widget\" data-widget_type=\"text-editor.default\">\n\t\t\t\t<div class=\"elementor-widget-container\">\n\t\t\t\t\t\t\t\t\t<p>Yhdistelmill\u00e4 ajetaan rahtia. Lavoissa Ei ole l\u00e4mmityst\u00e4\/viilennyst\u00e4.<\/p>\t\t\t\t\t\t\t\t<\/div>\n\t\t\t\t<\/div>\n\t\t\t\t<\/div>\n\t\t\t\t\t<\/div>\n\t\t\t\t<\/div>\n\t\t\t\t<\/div>\n\t\t","protected":false},"excerpt":{"rendered":"<p>Kalusto Kalusto Nosturiyhdistelm\u00e4t Nosturiyhdistelm\u00e4t Nosturiyhdistelmill\u00e4 ajetaan tiili\u00e4, apulantaa &#8230; Nosturi yhdistelmill\u00e4 pystymme lastaamaa ja\/purkamaan kuormat itse. Koukkulaiteyhdistelm\u00e4 Koukkulaiteyhdistelm\u00e4 Koukkulaiteyhdistelm\u00e4ll\u00e4 voi ajaa lokasoraa, mets\u00e4haketta, &#8230; \u00a0 Yhdistelm\u00e4lll\u00e4 voidaan ajaa my\u00f6s tarvittaessa rahtia vaihtamalla lavan. Nousukapelli ja kaappi yhdistelm\u00e4t Yhdistelmill\u00e4 ajetaan rahtia. Lavoissa Ei ole l\u00e4mmityst\u00e4\/viilennyst\u00e4.<\/p>\n","protected":false},"author":1,"featured_media":0,"parent":0,"menu_order":0,"comment_status":"closed","ping_status":"closed","template":"","meta":{"footnotes":""},"class_list":["post-277","page","type-page","status-publish","hentry"],"_links":{"self":[{"href":"https:\/\/www.kuljetusmhulkkonen.fi\/index.php?rest_route=\/wp\/v2\/pages\/277","targetHints":{"allow":["GET"]}}],"collection":[{"href":"https:\/\/www.kuljetusmhulkkonen.fi\/index.php?rest_route=\/wp\/v2\/pages"}],"about":[{"href":"https:\/\/www.kuljetusmhulkkonen.fi\/index.php?rest_route=\/wp\/v2\/types\/page"}],"author":[{"embeddable":true,"href":"https:\/\/www.kuljetusmhulkkonen.fi\/index.php?rest_route=\/wp\/v2\/users\/1"}],"replies":[{"embeddable":true,"href":"https:\/\/www.kuljetusmhulkkonen.fi\/index.php?rest_route=%2Fwp%2Fv2%2Fcomments&post=277"}],"version-history":[{"count":149,"href":"https:\/\/www.kuljetusmhulkkonen.fi\/index.php?rest_route=\/wp\/v2\/pages\/277\/revisions"}],"predecessor-version":[{"id":1309,"href":"https:\/\/www.kuljetusmhulkkonen.fi\/index.php?rest_route=\/wp\/v2\/pages\/277\/revisions\/1309"}],"wp:attachment":[{"href":"https:\/\/www.kuljetusmhulkkonen.fi\/index.php?rest_route=%2Fwp%2Fv2%2Fmedia&parent=277"}],"curies":[{"name":"wp","href":"https:\/\/api.w.org\/{rel}","templated":true}]}}