{"id":30,"date":"2024-06-07T15:57:27","date_gmt":"2024-06-07T15:57:27","guid":{"rendered":"https:\/\/www.kuljetusmhulkkonen.fi\/?page_id=30"},"modified":"2025-05-22T08:51:29","modified_gmt":"2025-05-22T08:51:29","slug":"vaihtolava","status":"publish","type":"page","link":"https:\/\/www.kuljetusmhulkkonen.fi\/?page_id=30","title":{"rendered":"Vaihtolavat"},"content":{"rendered":"\t\t<div data-elementor-type=\"wp-page\" data-elementor-id=\"30\" class=\"elementor elementor-30\">\n\t\t\t\t<div class=\"elementor-element elementor-element-3e3830a e-con-full elementor-hidden-mobile e-flex e-con e-parent\" data-id=\"3e3830a\" data-element_type=\"container\" data-e-type=\"container\">\n\t\t<div class=\"elementor-element elementor-element-271c44b e-con-full e-flex e-con e-child\" data-id=\"271c44b\" data-element_type=\"container\" data-e-type=\"container\">\n\t\t\t\t<div class=\"elementor-element elementor-element-f3c55b9 elementor-widget elementor-widget-heading\" data-id=\"f3c55b9\" data-element_type=\"widget\" data-e-type=\"widget\" data-widget_type=\"heading.default\">\n\t\t\t\t<div class=\"elementor-widget-container\">\n\t\t\t\t\t<h2 class=\"elementor-heading-title elementor-size-default\">Vaihtolavat<\/h2>\t\t\t\t<\/div>\n\t\t\t\t<\/div>\n\t\t\t\t<div class=\"elementor-element elementor-element-d847fd3 elementor-widget elementor-widget-text-editor\" data-id=\"d847fd3\" data-element_type=\"widget\" data-e-type=\"widget\" data-widget_type=\"text-editor.default\">\n\t\t\t\t<div class=\"elementor-widget-container\">\n\t\t\t\t\t\t\t\t\t<p>Vaihtolavat ovat roskalavoja, joita voidaan kuljetetaan pihoille ja ty\u00f6maille vaihtolava-autolla. Vaihtolavoille t\u00e4ytet\u00e4\u00e4n asiakkaan toimest\u00e4 j\u00e4tteill\u00e4 ja sitten me kuljetamme lavan sis\u00e4ll\u00f6n j\u00e4teasemalle.<\/p>\n<p>Ohjeisella lomakkeella voi tehd\u00e4 tarjouspyynn\u00f6n. Vaihtolavan voi my\u00f6s tilata soittamalla numeroon 0400206555 tai laittamalla s\u00e4hk\u00f6postia osoitteeseen kuljetusmaurihulkkonenoy@pp.inet.fi<\/p>\t\t\t\t\t\t\t\t<\/div>\n\t\t\t\t<\/div>\n\t\t\t\t<div class=\"elementor-element elementor-element-42b322c elementor-widget elementor-widget-image\" data-id=\"42b322c\" data-element_type=\"widget\" data-e-type=\"widget\" data-widget_type=\"image.default\">\n\t\t\t\t<div class=\"elementor-widget-container\">\n\t\t\t\t\t\t\t\t\t\t\t\t\t\t\t<img data-opt-id=1749525831  fetchpriority=\"high\" decoding=\"async\" width=\"800\" height=\"600\" src=\"https:\/\/mlr6b2h1mrem.i.optimole.com\/w:800\/h:600\/q:mauto\/ig:avif\/https:\/\/www.kuljetusmhulkkonen.fi\/wp-content\/uploads\/2025\/01\/lpk-nettisivut.jpg\" class=\"attachment-large size-large wp-image-1383\" alt=\"\" srcset=\"https:\/\/mlr6b2h1mrem.i.optimole.com\/w:1440\/h:1080\/q:mauto\/ig:avif\/https:\/\/www.kuljetusmhulkkonen.fi\/wp-content\/uploads\/2025\/01\/lpk-nettisivut.jpg 2048w, https:\/\/mlr6b2h1mrem.i.optimole.com\/w:300\/h:225\/q:mauto\/ig:avif\/https:\/\/www.kuljetusmhulkkonen.fi\/wp-content\/uploads\/2025\/01\/lpk-nettisivut.jpg 300w, https:\/\/mlr6b2h1mrem.i.optimole.com\/w:1024\/h:768\/q:mauto\/ig:avif\/https:\/\/www.kuljetusmhulkkonen.fi\/wp-content\/uploads\/2025\/01\/lpk-nettisivut.jpg 1024w, https:\/\/mlr6b2h1mrem.i.optimole.com\/w:768\/h:576\/q:mauto\/ig:avif\/https:\/\/www.kuljetusmhulkkonen.fi\/wp-content\/uploads\/2025\/01\/lpk-nettisivut.jpg 768w, https:\/\/mlr6b2h1mrem.i.optimole.com\/w:1440\/h:1080\/q:mauto\/ig:avif\/https:\/\/www.kuljetusmhulkkonen.fi\/wp-content\/uploads\/2025\/01\/lpk-nettisivut.jpg 1536w\" sizes=\"(max-width: 800px) 100vw, 800px\" \/>\t\t\t\t\t\t\t\t\t\t\t\t\t\t\t<\/div>\n\t\t\t\t<\/div>\n\t\t\t\t<\/div>\n\t\t<div class=\"elementor-element elementor-element-5e0cf48 e-con-full e-flex e-con e-child\" data-id=\"5e0cf48\" data-element_type=\"container\" data-e-type=\"container\">\n\t\t\t\t<div class=\"elementor-element elementor-element-1bedf2b elementor-widget__width-inherit elementor-widget elementor-widget-wpforms\" data-id=\"1bedf2b\" data-element_type=\"widget\" data-e-type=\"widget\" data-widget_type=\"wpforms.default\">\n\t\t\t\t<div class=\"elementor-widget-container\">\n\t\t\t\t\t<style id=\"wpforms-css-vars-elementor-widget-1bedf2b\">\n\t\t\t\t.elementor-widget-wpforms.elementor-element-1bedf2b {\n\t\t\t\t--wpforms-button-background-color: #025F28;\n--wpforms-field-border-radius: 5px;\n\t\t\t}\n\t\t\t<\/style><div class=\"wpforms-container wpforms-container-full wpforms-render-modern\" id=\"wpforms-38\"><form id=\"wpforms-form-38\" class=\"wpforms-validate wpforms-form wpforms-ajax-form\" data-formid=\"38\" method=\"post\" enctype=\"multipart\/form-data\" action=\"\/index.php?rest_route=%2Fwp%2Fv2%2Fpages%2F30\" data-token=\"9ad4605b47837e2112123539284d305b\" data-token-time=\"1776278461\"><noscript class=\"wpforms-error-noscript\">Please enable JavaScript in your browser to complete this form.<\/noscript><div id=\"wpforms-error-noscript\" style=\"display: none;\">Please enable JavaScript in your browser to complete this form.<\/div><div class=\"wpforms-field-container\"><div id=\"wpforms-38-field_9-container\" class=\"wpforms-field wpforms-field-text\" data-field-id=\"9\"><label class=\"wpforms-field-label\" for=\"wpforms-38-field_9\">Etu- ja sukunimi <span class=\"wpforms-required-label\" aria-hidden=\"true\">*<\/span><\/label><input type=\"text\" id=\"wpforms-38-field_9\" class=\"wpforms-field-medium wpforms-field-required\" name=\"wpforms[fields][9]\" aria-errormessage=\"wpforms-38-field_9-error\" required><\/div><div id=\"wpforms-38-field_10-container\" class=\"wpforms-field wpforms-field-text\" data-field-id=\"10\"><label class=\"wpforms-field-label\" for=\"wpforms-38-field_10\">S\u00e4hk\u00f6posti <span class=\"wpforms-required-label\" aria-hidden=\"true\">*<\/span><\/label><input type=\"text\" id=\"wpforms-38-field_10\" class=\"wpforms-field-medium wpforms-field-required\" name=\"wpforms[fields][10]\" aria-errormessage=\"wpforms-38-field_10-error\" required><\/div><div id=\"wpforms-38-field_11-container\" class=\"wpforms-field wpforms-field-text\" data-field-id=\"11\"><label class=\"wpforms-field-label\" for=\"wpforms-38-field_11\">Puhelinnumero <span class=\"wpforms-required-label\" aria-hidden=\"true\">*<\/span><\/label><input type=\"text\" id=\"wpforms-38-field_11\" class=\"wpforms-field-small wpforms-field-required\" name=\"wpforms[fields][11]\" aria-errormessage=\"wpforms-38-field_11-error\" required><\/div><div id=\"wpforms-38-field_5-container\" class=\"wpforms-field wpforms-field-text\" data-field-id=\"5\"><label class=\"wpforms-field-label\" for=\"wpforms-38-field_5\">Osoite <span class=\"wpforms-required-label\" aria-hidden=\"true\">*<\/span><\/label><input type=\"text\" id=\"wpforms-38-field_5\" class=\"wpforms-field-medium wpforms-field-required\" name=\"wpforms[fields][5]\" aria-errormessage=\"wpforms-38-field_5-error\" aria-describedby=\"wpforms-38-field_5-description\" required><div id=\"wpforms-38-field_5-description\" class=\"wpforms-field-description\">Osoite, jonne tarvitset vaihtolavaa<\/div><\/div><div id=\"wpforms-38-field_6-container\" class=\"wpforms-field wpforms-field-text\" data-field-id=\"6\"><label class=\"wpforms-field-label\" for=\"wpforms-38-field_6\">Yritys<\/label><input type=\"text\" id=\"wpforms-38-field_6\" class=\"wpforms-field-medium\" name=\"wpforms[fields][6]\" aria-errormessage=\"wpforms-38-field_6-error\" aria-describedby=\"wpforms-38-field_6-description\" ><div id=\"wpforms-38-field_6-description\" class=\"wpforms-field-description\">Jos teet tilaus yritykselle laita yrityksen nimi<\/div><\/div><div id=\"wpforms-38-field_2-container\" class=\"wpforms-field wpforms-field-select wpforms-field-select-style-classic\" data-field-id=\"2\"><label class=\"wpforms-field-label\" for=\"wpforms-38-field_2\">Dropdown <span class=\"wpforms-required-label\" aria-hidden=\"true\">*<\/span><\/label><select id=\"wpforms-38-field_2\" class=\"wpforms-field-medium wpforms-field-required\" name=\"wpforms[fields][2]\" required=\"required\"><option value=\"Puutarjaj\u00e4te (esim risut, lehdet)\"  class=\"choice-1 depth-1\"  >Puutarjaj\u00e4te (esim risut, lehdet)<\/option><option value=\"metalliromu\"  class=\"choice-2 depth-1\"  >metalliromu<\/option><option value=\"Puuj\u00e4te\"  class=\"choice-3 depth-1\"  >Puuj\u00e4te<\/option><option value=\"Jokin muu kerro alla seuraavaan kentt\u00e4\u00e4n\"  class=\"choice-4 depth-1\"  >Jokin muu kerro alla seuraavaan kentt\u00e4\u00e4n<\/option><\/select><div id=\"wpforms-38-field_2-description\" class=\"wpforms-field-description\">Valitse mit\u00e4 j\u00e4tett\u00e4 lavalle on tulossa<\/div><\/div><div id=\"wpforms-38-field_7-container\" class=\"wpforms-field wpforms-field-text\" data-field-id=\"7\"><label class=\"wpforms-field-label\" for=\"wpforms-38-field_7\">jokin muu, mik\u00e4<\/label><input type=\"text\" id=\"wpforms-38-field_7\" class=\"wpforms-field-medium\" name=\"wpforms[fields][7]\" aria-errormessage=\"wpforms-38-field_7-error\" ><\/div><\/div><!-- .wpforms-field-container --><div class=\"wpforms-submit-container\" ><input type=\"hidden\" name=\"wpforms[id]\" value=\"38\"><input type=\"hidden\" name=\"page_title\" value=\"\"><input type=\"hidden\" name=\"page_url\" value=\"https:\/\/www.kuljetusmhulkkonen.fi\/index.php?rest_route=\/wp\/v2\/pages\/30\"><input type=\"hidden\" name=\"url_referer\" value=\"\"><button type=\"submit\" name=\"wpforms[submit]\" id=\"wpforms-submit-38\" class=\"wpforms-submit\" data-alt-text=\"L\u00e4hetet\u00e4\u00e4n\" data-submit-text=\"Pyyd\u00e4 tarjous\" aria-live=\"assertive\" value=\"wpforms-submit\">Pyyd\u00e4 tarjous<\/button><img data-opt-id=1814940777  fetchpriority=\"high\" decoding=\"async\" src=\"https:\/\/mlr6b2h1mrem.i.optimole.com\/w:auto\/h:auto\/q:mauto\/ig:avif\/https:\/\/www.kuljetusmhulkkonen.fi\/wp-content\/plugins\/wpforms-lite\/assets\/images\/submit-spin.svg\" class=\"wpforms-submit-spinner\" style=\"display: none;\" width=\"26\" height=\"26\" alt=\"Loading\"><\/div><\/form><\/div>  <!-- .wpforms-container -->\t\t\t\t<\/div>\n\t\t\t\t<\/div>\n\t\t\t\t<\/div>\n\t\t\t\t<\/div>\n\t\t<div class=\"elementor-element elementor-element-a140f0c e-flex e-con-boxed e-con e-parent\" data-id=\"a140f0c\" data-element_type=\"container\" data-e-type=\"container\">\n\t\t\t\t\t<div class=\"e-con-inner\">\n\t\t\t\t<div class=\"elementor-element elementor-element-0b9343c elementor-widget elementor-widget-spacer\" data-id=\"0b9343c\" data-element_type=\"widget\" data-e-type=\"widget\" data-widget_type=\"spacer.default\">\n\t\t\t\t<div class=\"elementor-widget-container\">\n\t\t\t\t\t\t\t<div class=\"elementor-spacer\">\n\t\t\t<div class=\"elementor-spacer-inner\"><\/div>\n\t\t<\/div>\n\t\t\t\t\t\t<\/div>\n\t\t\t\t<\/div>\n\t\t\t\t\t<\/div>\n\t\t\t\t<\/div>\n\t\t<div class=\"elementor-element elementor-element-d247dfc e-con-full elementor-hidden-desktop elementor-hidden-tablet e-flex e-con e-parent\" data-id=\"d247dfc\" data-element_type=\"container\" data-e-type=\"container\">\n\t\t<div class=\"elementor-element elementor-element-d6d2e16 e-con-full e-flex e-con e-child\" data-id=\"d6d2e16\" data-element_type=\"container\" data-e-type=\"container\">\n\t\t\t\t<div class=\"elementor-element elementor-element-db6273b elementor-widget elementor-widget-heading\" data-id=\"db6273b\" data-element_type=\"widget\" data-e-type=\"widget\" data-widget_type=\"heading.default\">\n\t\t\t\t<div class=\"elementor-widget-container\">\n\t\t\t\t\t<h2 class=\"elementor-heading-title elementor-size-default\">Vaihtolavat<\/h2>\t\t\t\t<\/div>\n\t\t\t\t<\/div>\n\t\t\t\t<div class=\"elementor-element elementor-element-ed4a01c elementor-widget elementor-widget-text-editor\" data-id=\"ed4a01c\" data-element_type=\"widget\" data-e-type=\"widget\" data-widget_type=\"text-editor.default\">\n\t\t\t\t<div class=\"elementor-widget-container\">\n\t\t\t\t\t\t\t\t\t<p>Vaihtolavat ovat roskalavoja, joita voidaan kuljetetaan pihoille ja ty\u00f6maille vaihtolava-autolla. Vaihtolavoille t\u00e4ytet\u00e4\u00e4n asiakkaan toimest\u00e4 j\u00e4tteill\u00e4 ja sitten me kuljetamme lavan sis\u00e4ll\u00f6n j\u00e4teasemalle.<\/p><p>\u00a0<\/p><p>Ohjeisella lomakkeella voi tehd\u00e4 tarjouspyynn\u00f6n. Vaihtolavan voi my\u00f6s tilata soittamalla numeroon 0400206555, 0451576396 tai laittamalla s\u00e4hk\u00f6postia osoitteeseen kuljetusmaurihulkkonenoy@pp.inet.fi<\/p>\t\t\t\t\t\t\t\t<\/div>\n\t\t\t\t<\/div>\n\t\t<div class=\"elementor-element elementor-element-f42340e e-con-full e-flex e-con e-child\" data-id=\"f42340e\" data-element_type=\"container\" data-e-type=\"container\">\n\t\t\t\t<div class=\"elementor-element elementor-element-980fe40 elementor-widget elementor-widget-image\" data-id=\"980fe40\" data-element_type=\"widget\" data-e-type=\"widget\" data-widget_type=\"image.default\">\n\t\t\t\t<div class=\"elementor-widget-container\">\n\t\t\t\t\t\t\t\t\t\t\t\t\t\t\t<img data-opt-id=1749525831  fetchpriority=\"high\" decoding=\"async\" width=\"800\" height=\"600\" src=\"https:\/\/mlr6b2h1mrem.i.optimole.com\/w:800\/h:600\/q:mauto\/ig:avif\/https:\/\/www.kuljetusmhulkkonen.fi\/wp-content\/uploads\/2025\/01\/lpk-nettisivut.jpg\" class=\"attachment-large size-large wp-image-1383\" alt=\"\" srcset=\"https:\/\/mlr6b2h1mrem.i.optimole.com\/w:1440\/h:1080\/q:mauto\/ig:avif\/https:\/\/www.kuljetusmhulkkonen.fi\/wp-content\/uploads\/2025\/01\/lpk-nettisivut.jpg 2048w, https:\/\/mlr6b2h1mrem.i.optimole.com\/w:300\/h:225\/q:mauto\/ig:avif\/https:\/\/www.kuljetusmhulkkonen.fi\/wp-content\/uploads\/2025\/01\/lpk-nettisivut.jpg 300w, https:\/\/mlr6b2h1mrem.i.optimole.com\/w:1024\/h:768\/q:mauto\/ig:avif\/https:\/\/www.kuljetusmhulkkonen.fi\/wp-content\/uploads\/2025\/01\/lpk-nettisivut.jpg 1024w, https:\/\/mlr6b2h1mrem.i.optimole.com\/w:768\/h:576\/q:mauto\/ig:avif\/https:\/\/www.kuljetusmhulkkonen.fi\/wp-content\/uploads\/2025\/01\/lpk-nettisivut.jpg 768w, https:\/\/mlr6b2h1mrem.i.optimole.com\/w:1440\/h:1080\/q:mauto\/ig:avif\/https:\/\/www.kuljetusmhulkkonen.fi\/wp-content\/uploads\/2025\/01\/lpk-nettisivut.jpg 1536w\" sizes=\"(max-width: 800px) 100vw, 800px\" \/>\t\t\t\t\t\t\t\t\t\t\t\t\t\t\t<\/div>\n\t\t\t\t<\/div>\n\t\t\t\t<\/div>\n\t\t\t\t<\/div>\n\t\t<div class=\"elementor-element elementor-element-2d8f4a4 e-con-full e-flex e-con e-child\" data-id=\"2d8f4a4\" data-element_type=\"container\" data-e-type=\"container\">\n\t\t\t\t<div class=\"elementor-element elementor-element-78b3476 elementor-widget__width-inherit elementor-widget elementor-widget-wpforms\" data-id=\"78b3476\" data-element_type=\"widget\" data-e-type=\"widget\" data-widget_type=\"wpforms.default\">\n\t\t\t\t<div class=\"elementor-widget-container\">\n\t\t\t\t\t<style id=\"wpforms-css-vars-elementor-widget-78b3476\">\n\t\t\t\t.elementor-widget-wpforms.elementor-element-78b3476 {\n\t\t\t\t--wpforms-button-background-color: #025F28;\n--wpforms-field-border-radius: 5px;\n\t\t\t}\n\t\t\t<\/style><div class=\"wpforms-container wpforms-container-full wpforms-render-modern\" id=\"wpforms-38\"><form id=\"wpforms-form-38\" class=\"wpforms-validate wpforms-form wpforms-ajax-form\" data-formid=\"38\" method=\"post\" enctype=\"multipart\/form-data\" action=\"\/index.php?rest_route=%2Fwp%2Fv2%2Fpages%2F30\" data-token=\"9ad4605b47837e2112123539284d305b\" data-token-time=\"1776278461\"><noscript class=\"wpforms-error-noscript\">Please enable JavaScript in your browser to complete this form.<\/noscript><div id=\"wpforms-error-noscript\" style=\"display: none;\">Please enable JavaScript in your browser to complete this form.<\/div><div class=\"wpforms-field-container\"><div id=\"wpforms-38-field_9-container\" class=\"wpforms-field wpforms-field-text\" data-field-id=\"9\"><label class=\"wpforms-field-label\" for=\"wpforms-38-field_9\">Etu- ja sukunimi <span class=\"wpforms-required-label\" aria-hidden=\"true\">*<\/span><\/label><input type=\"text\" id=\"wpforms-38-field_9\" class=\"wpforms-field-medium wpforms-field-required\" name=\"wpforms[fields][9]\" aria-errormessage=\"wpforms-38-field_9-error\" required><\/div><div id=\"wpforms-38-field_10-container\" class=\"wpforms-field wpforms-field-text\" data-field-id=\"10\"><label class=\"wpforms-field-label\" for=\"wpforms-38-field_10\">S\u00e4hk\u00f6posti <span class=\"wpforms-required-label\" aria-hidden=\"true\">*<\/span><\/label><input type=\"text\" id=\"wpforms-38-field_10\" class=\"wpforms-field-medium wpforms-field-required\" name=\"wpforms[fields][10]\" aria-errormessage=\"wpforms-38-field_10-error\" required><\/div><div id=\"wpforms-38-field_11-container\" class=\"wpforms-field wpforms-field-text\" data-field-id=\"11\"><label class=\"wpforms-field-label\" for=\"wpforms-38-field_11\">Puhelinnumero <span class=\"wpforms-required-label\" aria-hidden=\"true\">*<\/span><\/label><input type=\"text\" id=\"wpforms-38-field_11\" class=\"wpforms-field-small wpforms-field-required\" name=\"wpforms[fields][11]\" aria-errormessage=\"wpforms-38-field_11-error\" required><\/div><div id=\"wpforms-38-field_5-container\" class=\"wpforms-field wpforms-field-text\" data-field-id=\"5\"><label class=\"wpforms-field-label\" for=\"wpforms-38-field_5\">Osoite <span class=\"wpforms-required-label\" aria-hidden=\"true\">*<\/span><\/label><input type=\"text\" id=\"wpforms-38-field_5\" class=\"wpforms-field-medium wpforms-field-required\" name=\"wpforms[fields][5]\" aria-errormessage=\"wpforms-38-field_5-error\" aria-describedby=\"wpforms-38-field_5-description\" required><div id=\"wpforms-38-field_5-description\" class=\"wpforms-field-description\">Osoite, jonne tarvitset vaihtolavaa<\/div><\/div><div id=\"wpforms-38-field_6-container\" class=\"wpforms-field wpforms-field-text\" data-field-id=\"6\"><label class=\"wpforms-field-label\" for=\"wpforms-38-field_6\">Yritys<\/label><input type=\"text\" id=\"wpforms-38-field_6\" class=\"wpforms-field-medium\" name=\"wpforms[fields][6]\" aria-errormessage=\"wpforms-38-field_6-error\" aria-describedby=\"wpforms-38-field_6-description\" ><div id=\"wpforms-38-field_6-description\" class=\"wpforms-field-description\">Jos teet tilaus yritykselle laita yrityksen nimi<\/div><\/div><div id=\"wpforms-38-field_2-container\" class=\"wpforms-field wpforms-field-select wpforms-field-select-style-classic\" data-field-id=\"2\"><label class=\"wpforms-field-label\" for=\"wpforms-38-field_2\">Dropdown <span class=\"wpforms-required-label\" aria-hidden=\"true\">*<\/span><\/label><select id=\"wpforms-38-field_2\" class=\"wpforms-field-medium wpforms-field-required\" name=\"wpforms[fields][2]\" required=\"required\"><option value=\"Puutarjaj\u00e4te (esim risut, lehdet)\"  class=\"choice-1 depth-1\"  >Puutarjaj\u00e4te (esim risut, lehdet)<\/option><option value=\"metalliromu\"  class=\"choice-2 depth-1\"  >metalliromu<\/option><option value=\"Puuj\u00e4te\"  class=\"choice-3 depth-1\"  >Puuj\u00e4te<\/option><option value=\"Jokin muu kerro alla seuraavaan kentt\u00e4\u00e4n\"  class=\"choice-4 depth-1\"  >Jokin muu kerro alla seuraavaan kentt\u00e4\u00e4n<\/option><\/select><div id=\"wpforms-38-field_2-description\" class=\"wpforms-field-description\">Valitse mit\u00e4 j\u00e4tett\u00e4 lavalle on tulossa<\/div><\/div><div id=\"wpforms-38-field_7-container\" class=\"wpforms-field wpforms-field-text\" data-field-id=\"7\"><label class=\"wpforms-field-label\" for=\"wpforms-38-field_7\">jokin muu, mik\u00e4<\/label><input type=\"text\" id=\"wpforms-38-field_7\" class=\"wpforms-field-medium\" name=\"wpforms[fields][7]\" aria-errormessage=\"wpforms-38-field_7-error\" ><\/div><\/div><!-- .wpforms-field-container --><div class=\"wpforms-submit-container\" ><input type=\"hidden\" name=\"wpforms[id]\" value=\"38\"><input type=\"hidden\" name=\"page_title\" value=\"\"><input type=\"hidden\" name=\"page_url\" value=\"https:\/\/www.kuljetusmhulkkonen.fi\/index.php?rest_route=\/wp\/v2\/pages\/30\"><input type=\"hidden\" name=\"url_referer\" value=\"\"><button type=\"submit\" name=\"wpforms[submit]\" id=\"wpforms-submit-38\" class=\"wpforms-submit\" data-alt-text=\"L\u00e4hetet\u00e4\u00e4n\" data-submit-text=\"Pyyd\u00e4 tarjous\" aria-live=\"assertive\" value=\"wpforms-submit\">Pyyd\u00e4 tarjous<\/button><img data-opt-id=1814940777  fetchpriority=\"high\" decoding=\"async\" src=\"https:\/\/mlr6b2h1mrem.i.optimole.com\/w:auto\/h:auto\/q:mauto\/ig:avif\/https:\/\/www.kuljetusmhulkkonen.fi\/wp-content\/plugins\/wpforms-lite\/assets\/images\/submit-spin.svg\" class=\"wpforms-submit-spinner\" style=\"display: none;\" width=\"26\" height=\"26\" alt=\"Loading\"><\/div><\/form><\/div>  <!-- .wpforms-container -->\t\t\t\t<\/div>\n\t\t\t\t<\/div>\n\t\t\t\t<\/div>\n\t\t\t\t<\/div>\n\t\t\t\t<\/div>\n\t\t","protected":false},"excerpt":{"rendered":"<p>Vaihtolavat Vaihtolavat ovat roskalavoja, joita voidaan kuljetetaan pihoille ja ty\u00f6maille vaihtolava-autolla. Vaihtolavoille t\u00e4ytet\u00e4\u00e4n asiakkaan toimest\u00e4 j\u00e4tteill\u00e4 ja sitten me kuljetamme lavan sis\u00e4ll\u00f6n j\u00e4teasemalle. Ohjeisella lomakkeella voi tehd\u00e4 tarjouspyynn\u00f6n. Vaihtolavan voi my\u00f6s tilata soittamalla numeroon 0400206555 tai laittamalla s\u00e4hk\u00f6postia osoitteeseen kuljetusmaurihulkkonenoy@pp.inet.fi Please enable JavaScript in your browser to complete this form.Please enable JavaScript in your browser [&hellip;]<\/p>\n","protected":false},"author":1,"featured_media":0,"parent":0,"menu_order":0,"comment_status":"closed","ping_status":"closed","template":"","meta":{"footnotes":""},"class_list":["post-30","page","type-page","status-publish","hentry"],"_links":{"self":[{"href":"https:\/\/www.kuljetusmhulkkonen.fi\/index.php?rest_route=\/wp\/v2\/pages\/30","targetHints":{"allow":["GET"]}}],"collection":[{"href":"https:\/\/www.kuljetusmhulkkonen.fi\/index.php?rest_route=\/wp\/v2\/pages"}],"about":[{"href":"https:\/\/www.kuljetusmhulkkonen.fi\/index.php?rest_route=\/wp\/v2\/types\/page"}],"author":[{"embeddable":true,"href":"https:\/\/www.kuljetusmhulkkonen.fi\/index.php?rest_route=\/wp\/v2\/users\/1"}],"replies":[{"embeddable":true,"href":"https:\/\/www.kuljetusmhulkkonen.fi\/index.php?rest_route=%2Fwp%2Fv2%2Fcomments&post=30"}],"version-history":[{"count":86,"href":"https:\/\/www.kuljetusmhulkkonen.fi\/index.php?rest_route=\/wp\/v2\/pages\/30\/revisions"}],"predecessor-version":[{"id":1583,"href":"https:\/\/www.kuljetusmhulkkonen.fi\/index.php?rest_route=\/wp\/v2\/pages\/30\/revisions\/1583"}],"wp:attachment":[{"href":"https:\/\/www.kuljetusmhulkkonen.fi\/index.php?rest_route=%2Fwp%2Fv2%2Fmedia&parent=30"}],"curies":[{"name":"wp","href":"https:\/\/api.w.org\/{rel}","templated":true}]}}